{"id":66,"date":"2023-06-02T14:08:55","date_gmt":"2023-06-02T12:08:55","guid":{"rendered":"https:\/\/service.neuzeit.tv\/about\/"},"modified":"2024-06-12T15:34:59","modified_gmt":"2024-06-12T13:34:59","slug":"ueber-uns","status":"publish","type":"page","link":"https:\/\/service.neuzeit.tv\/en\/ueber-uns\/","title":{"rendered":"Ueber-uns"},"content":{"rendered":"<div data-elementor-type=\"wp-page\" data-elementor-id=\"66\" class=\"elementor elementor-66\" data-elementor-post-type=\"page\">\n\t\t\t\t\t\t\t<div class=\"elementor-element elementor-element-23bfdf8d e-con-full e-flex wpr-particle-no wpr-jarallax-no wpr-parallax-no wpr-sticky-section-no e-con e-parent\" data-id=\"23bfdf8d\" data-element_type=\"container\" data-settings=\"{&quot;content_width&quot;:&quot;full&quot;,&quot;container_type&quot;:&quot;flex&quot;}\" data-core-v316-plus=\"true\">\n\t\t<div class=\"elementor-element elementor-element-b3febfc e-con-full e-flex wpr-particle-no wpr-jarallax-no wpr-parallax-no wpr-sticky-section-no e-con e-child\" data-id=\"b3febfc\" data-element_type=\"container\" data-settings=\"{&quot;content_width&quot;:&quot;full&quot;,&quot;container_type&quot;:&quot;flex&quot;}\">\n\t\t\t\t<div class=\"elementor-element elementor-element-2081fa83 elementor-widget elementor-widget-heading\" data-id=\"2081fa83\" data-element_type=\"widget\" data-widget_type=\"heading.default\">\n\t\t\t\t<div class=\"elementor-widget-container\">\n\t\t\t<style>\/*! elementor - v3.17.0 - 08-11-2023 *\/\n.elementor-heading-title{padding:0;margin:0;line-height:1}.elementor-widget-heading .elementor-heading-title[class*=elementor-size-]>a{color:inherit;font-size:inherit;line-height:inherit}.elementor-widget-heading .elementor-heading-title.elementor-size-small{font-size:15px}.elementor-widget-heading .elementor-heading-title.elementor-size-medium{font-size:19px}.elementor-widget-heading .elementor-heading-title.elementor-size-large{font-size:29px}.elementor-widget-heading .elementor-heading-title.elementor-size-xl{font-size:39px}.elementor-widget-heading .elementor-heading-title.elementor-size-xxl{font-size:59px}<\/style><h1 class=\"elementor-heading-title elementor-size-default\">Service and production<\/h1>\t\t<\/div>\n\t\t\t\t<\/div>\n\t\t\t\t<div class=\"elementor-element elementor-element-1420eb3 elementor-widget elementor-widget-text-editor\" data-id=\"1420eb3\" data-element_type=\"widget\" data-widget_type=\"text-editor.default\">\n\t\t\t\t<div class=\"elementor-widget-container\">\n\t\t\t<style>\/*! elementor - v3.17.0 - 08-11-2023 *\/\n.elementor-widget-text-editor.elementor-drop-cap-view-stacked .elementor-drop-cap{background-color:#69727d;color:#fff}.elementor-widget-text-editor.elementor-drop-cap-view-framed .elementor-drop-cap{color:#69727d;border:3px solid;background-color:transparent}.elementor-widget-text-editor:not(.elementor-drop-cap-view-default) .elementor-drop-cap{margin-top:8px}.elementor-widget-text-editor:not(.elementor-drop-cap-view-default) .elementor-drop-cap-letter{width:1em;height:1em}.elementor-widget-text-editor .elementor-drop-cap{float:left;text-align:center;line-height:1;font-size:50px}.elementor-widget-text-editor .elementor-drop-cap-letter{display:inline-block}<\/style>\t\t\t\t<p>With a focus on quality and individual support, neuzeit Filmagentur offers extensive production services for artists, directors, advertising agencies and film productions. We offer tailor-made solutions, both efficient and reliable. We use our know-how to support your projects with the utmost care. We focus on understanding your individual requirements and meeting them in an effective and uncomplicated way. We are your trusted partner for a smooth production process.<\/p>\t\t\t\t\t\t<\/div>\n\t\t\t\t<\/div>\n\t\t\t\t<\/div>\n\t\t<div class=\"elementor-element elementor-element-79635b6b e-con-full e-flex wpr-particle-no wpr-jarallax-no wpr-parallax-no wpr-sticky-section-no e-con e-child\" data-id=\"79635b6b\" data-element_type=\"container\" data-settings=\"{&quot;background_background&quot;:&quot;classic&quot;,&quot;content_width&quot;:&quot;full&quot;,&quot;container_type&quot;:&quot;flex&quot;}\">\n\t\t\t\t<div class=\"elementor-element elementor-element-b27d965 elementor-widget elementor-widget-image\" data-id=\"b27d965\" data-element_type=\"widget\" data-widget_type=\"image.default\">\n\t\t\t\t<div class=\"elementor-widget-container\">\n\t\t\t<style>\/*! elementor - v3.17.0 - 08-11-2023 *\/\n.elementor-widget-image{text-align:center}.elementor-widget-image a{display:inline-block}.elementor-widget-image a img[src$=\".svg\"]{width:48px}.elementor-widget-image img{vertical-align:middle;display:inline-block}<\/style>\t\t\t\t\t\t\t\t\t\t\t\t<img loading=\"lazy\" decoding=\"async\" width=\"800\" height=\"798\" src=\"https:\/\/service.neuzeit.tv\/wp-content\/uploads\/2023\/06\/Social-Media-Production-e1678525000384-1024x1022.jpg\" class=\"attachment-large size-large wp-image-217\" alt=\"\" srcset=\"https:\/\/service.neuzeit.tv\/wp-content\/uploads\/2023\/06\/Social-Media-Production-e1678525000384-1024x1022.jpg 1024w, https:\/\/service.neuzeit.tv\/wp-content\/uploads\/2023\/06\/Social-Media-Production-e1678525000384-300x300.jpg 300w, https:\/\/service.neuzeit.tv\/wp-content\/uploads\/2023\/06\/Social-Media-Production-e1678525000384-150x150.jpg 150w, https:\/\/service.neuzeit.tv\/wp-content\/uploads\/2023\/06\/Social-Media-Production-e1678525000384-768x767.jpg 768w, https:\/\/service.neuzeit.tv\/wp-content\/uploads\/2023\/06\/Social-Media-Production-e1678525000384.jpg 1335w\" sizes=\"auto, (max-width: 800px) 100vw, 800px\" \/>\t\t\t\t\t\t\t\t\t\t\t\t\t\t\t<\/div>\n\t\t\t\t<\/div>\n\t\t\t\t<\/div>\n\t\t\t\t<\/div>\n\t\t<div class=\"elementor-element elementor-element-76bf9fd1 e-con-full e-flex wpr-particle-no wpr-jarallax-no wpr-parallax-no wpr-sticky-section-no e-con e-parent\" data-id=\"76bf9fd1\" data-element_type=\"container\" data-settings=\"{&quot;content_width&quot;:&quot;full&quot;,&quot;container_type&quot;:&quot;flex&quot;}\" data-core-v316-plus=\"true\">\n\t\t<div class=\"elementor-element elementor-element-4a70b25 e-con-full e-flex wpr-particle-no wpr-jarallax-no wpr-parallax-no wpr-sticky-section-no e-con e-child\" data-id=\"4a70b25\" data-element_type=\"container\" data-settings=\"{&quot;background_background&quot;:&quot;classic&quot;,&quot;content_width&quot;:&quot;full&quot;,&quot;container_type&quot;:&quot;flex&quot;}\">\n\t\t\t\t<div class=\"elementor-element elementor-element-debc880 elementor-widget elementor-widget-image\" data-id=\"debc880\" data-element_type=\"widget\" data-widget_type=\"image.default\">\n\t\t\t\t<div class=\"elementor-widget-container\">\n\t\t\t\t\t\t\t\t\t\t\t\t\t\t\t<img loading=\"lazy\" decoding=\"async\" width=\"800\" height=\"800\" src=\"https:\/\/service.neuzeit.tv\/wp-content\/uploads\/2023\/06\/IMG_0101-e1678468645546.jpg\" class=\"attachment-large size-large wp-image-218\" alt=\"\" srcset=\"https:\/\/service.neuzeit.tv\/wp-content\/uploads\/2023\/06\/IMG_0101-e1678468645546.jpg 998w, https:\/\/service.neuzeit.tv\/wp-content\/uploads\/2023\/06\/IMG_0101-e1678468645546-300x300.jpg 300w, https:\/\/service.neuzeit.tv\/wp-content\/uploads\/2023\/06\/IMG_0101-e1678468645546-150x150.jpg 150w, https:\/\/service.neuzeit.tv\/wp-content\/uploads\/2023\/06\/IMG_0101-e1678468645546-768x768.jpg 768w\" sizes=\"auto, (max-width: 800px) 100vw, 800px\" \/>\t\t\t\t\t\t\t\t\t\t\t\t\t\t\t<\/div>\n\t\t\t\t<\/div>\n\t\t\t\t<\/div>\n\t\t<div class=\"elementor-element elementor-element-4c6e1e33 e-con-full e-flex wpr-particle-no wpr-jarallax-no wpr-parallax-no wpr-sticky-section-no e-con e-child\" data-id=\"4c6e1e33\" data-element_type=\"container\" data-settings=\"{&quot;content_width&quot;:&quot;full&quot;,&quot;container_type&quot;:&quot;flex&quot;}\">\n\t\t\t\t<div class=\"elementor-element elementor-element-3c48b2cf elementor-widget elementor-widget-heading\" data-id=\"3c48b2cf\" data-element_type=\"widget\" data-widget_type=\"heading.default\">\n\t\t\t\t<div class=\"elementor-widget-container\">\n\t\t\t<h2 class=\"elementor-heading-title elementor-size-default\">neuzeit Filmagentur<\/h2>\t\t<\/div>\n\t\t\t\t<\/div>\n\t\t\t\t<div class=\"elementor-element elementor-element-756b36a3 elementor-widget elementor-widget-text-editor\" data-id=\"756b36a3\" data-element_type=\"widget\" data-widget_type=\"text-editor.default\">\n\t\t\t\t<div class=\"elementor-widget-container\">\n\t\t\t\t\t\t\t<p>neuzeit Filmagentur is a well-established company based in Karlsruhe, Germany, that has been passionately and competently involved in film production for over a decade. The core team, consisting of director Patrick Alan Banfield and cinematographer Nicolas C. Geissler, has been working together for almost 20 years and is complemented by a dedicated network of specialists from all areas of film production. The agency conceives and produces its own fictional projects, high-quality commercials and image films as well as documentaries and video art.<\/p>\t\t\t\t\t\t<\/div>\n\t\t\t\t<\/div>\n\t\t\t\t<\/div>\n\t\t\t\t<\/div>\n\t\t<div class=\"elementor-element elementor-element-6e9d947b e-flex e-con-boxed wpr-particle-no wpr-jarallax-no wpr-parallax-no wpr-sticky-section-no e-con e-parent\" data-id=\"6e9d947b\" data-element_type=\"container\" data-settings=\"{&quot;container_type&quot;:&quot;flex&quot;,&quot;content_width&quot;:&quot;boxed&quot;}\" data-core-v316-plus=\"true\">\n\t\t\t\t\t<div class=\"e-con-inner\">\n\t\t<div class=\"elementor-element elementor-element-1103bdf9 e-con-full e-flex wpr-particle-no wpr-jarallax-no wpr-parallax-no wpr-sticky-section-no e-con e-child\" data-id=\"1103bdf9\" data-element_type=\"container\" data-settings=\"{&quot;content_width&quot;:&quot;full&quot;,&quot;container_type&quot;:&quot;flex&quot;}\">\n\t\t\t\t<div class=\"elementor-element elementor-element-658423ea elementor-widget__width-initial elementor-widget-mobile__width-inherit elementor-position-top elementor-widget elementor-widget-image-box\" data-id=\"658423ea\" data-element_type=\"widget\" data-widget_type=\"image-box.default\">\n\t\t\t\t<div class=\"elementor-widget-container\">\n\t\t\t<style>\/*! elementor - v3.17.0 - 08-11-2023 *\/\n.elementor-widget-image-box .elementor-image-box-content{width:100%}@media (min-width:768px){.elementor-widget-image-box.elementor-position-left .elementor-image-box-wrapper,.elementor-widget-image-box.elementor-position-right .elementor-image-box-wrapper{display:flex}.elementor-widget-image-box.elementor-position-right .elementor-image-box-wrapper{text-align:right;flex-direction:row-reverse}.elementor-widget-image-box.elementor-position-left .elementor-image-box-wrapper{text-align:left;flex-direction:row}.elementor-widget-image-box.elementor-position-top .elementor-image-box-img{margin:auto}.elementor-widget-image-box.elementor-vertical-align-top .elementor-image-box-wrapper{align-items:flex-start}.elementor-widget-image-box.elementor-vertical-align-middle .elementor-image-box-wrapper{align-items:center}.elementor-widget-image-box.elementor-vertical-align-bottom .elementor-image-box-wrapper{align-items:flex-end}}@media (max-width:767px){.elementor-widget-image-box .elementor-image-box-img{margin-left:auto!important;margin-right:auto!important;margin-bottom:15px}}.elementor-widget-image-box .elementor-image-box-img{display:inline-block}.elementor-widget-image-box .elementor-image-box-title a{color:inherit}.elementor-widget-image-box .elementor-image-box-wrapper{text-align:center}.elementor-widget-image-box .elementor-image-box-description{margin:0}<\/style><div class=\"elementor-image-box-wrapper\"><figure class=\"elementor-image-box-img\"><img loading=\"lazy\" decoding=\"async\" width=\"400\" height=\"600\" src=\"https:\/\/service.neuzeit.tv\/wp-content\/uploads\/2023\/06\/Patrick-pfh5kliu6830l68n776dlm1gey156xsbsa51oax6y8.jpg\" class=\"elementor-animation-grow attachment-full size-full wp-image-229\" alt=\"\" srcset=\"https:\/\/service.neuzeit.tv\/wp-content\/uploads\/2023\/06\/Patrick-pfh5kliu6830l68n776dlm1gey156xsbsa51oax6y8.jpg 400w, https:\/\/service.neuzeit.tv\/wp-content\/uploads\/2023\/06\/Patrick-pfh5kliu6830l68n776dlm1gey156xsbsa51oax6y8-200x300.jpg 200w\" sizes=\"auto, (max-width: 400px) 100vw, 400px\" \/><\/figure><div class=\"elementor-image-box-content\"><h4 class=\"elementor-image-box-title\">Patrick Alan Banfield<\/h4><p class=\"elementor-image-box-description\">Patrick Alan Banfield schloss sein Kunststudium an der Frankfurter St\u00e4delschule bei Willem de Rooij 2015 ab und war parallel mehrere Jahre Teil der Moving Image-Klasse an der HfG Karlsruhe bei Isaac Julien und Omer Fast. Er lebt in Berlin und Karlsruhe und ist Mitglied im BVR (Bundesverband Regie).<\/p><\/div><\/div>\t\t<\/div>\n\t\t\t\t<\/div>\n\t\t\t\t<div class=\"elementor-element elementor-element-38035967 elementor-widget__width-initial elementor-widget-mobile__width-inherit elementor-position-top elementor-widget elementor-widget-image-box\" data-id=\"38035967\" data-element_type=\"widget\" data-widget_type=\"image-box.default\">\n\t\t\t\t<div class=\"elementor-widget-container\">\n\t\t\t<div class=\"elementor-image-box-wrapper\"><figure class=\"elementor-image-box-img\"><img loading=\"lazy\" decoding=\"async\" width=\"400\" height=\"600\" src=\"https:\/\/service.neuzeit.tv\/wp-content\/uploads\/2023\/06\/Nic-pfh5kliu6830l68n776dlm1gey156xsbsa51oax6y8.jpg\" class=\"elementor-animation-grow attachment-full size-full wp-image-230\" alt=\"\" srcset=\"https:\/\/service.neuzeit.tv\/wp-content\/uploads\/2023\/06\/Nic-pfh5kliu6830l68n776dlm1gey156xsbsa51oax6y8.jpg 400w, https:\/\/service.neuzeit.tv\/wp-content\/uploads\/2023\/06\/Nic-pfh5kliu6830l68n776dlm1gey156xsbsa51oax6y8-200x300.jpg 200w\" sizes=\"auto, (max-width: 400px) 100vw, 400px\" \/><\/figure><div class=\"elementor-image-box-content\"><h4 class=\"elementor-image-box-title\">Nicolas C. Geissler<\/h4><p class=\"elementor-image-box-description\">Nicolas C. Geissler studierte Medienkunst, Szenografie und Philosophie an der Hochschule f\u00fcr Gestaltung in Karlsruhe mit dem Schwerpunkt Film und Kameraarbeit. Seit 2019 ist er als Bildgestalter Mitglied des BVK (Berufsverband Kinematographie). Er ist verheiratet, hat vier Kinder und lebt in Karlsruhe.<\/p><\/div><\/div>\t\t<\/div>\n\t\t\t\t<\/div>\n\t\t\t\t<\/div>\n\t\t\t\t\t<\/div>\n\t\t\t\t<\/div>\n\t\t<div class=\"elementor-element elementor-element-fd1bb9e e-con-full e-flex wpr-particle-no wpr-jarallax-no wpr-parallax-no wpr-sticky-section-no e-con e-parent\" data-id=\"fd1bb9e\" data-element_type=\"container\" data-settings=\"{&quot;content_width&quot;:&quot;full&quot;,&quot;container_type&quot;:&quot;flex&quot;}\" data-core-v316-plus=\"true\">\n\t\t\t\t<div class=\"elementor-element elementor-element-3b3c28bf elementor-widget elementor-widget-heading\" data-id=\"3b3c28bf\" data-element_type=\"widget\" data-widget_type=\"heading.default\">\n\t\t\t\t<div class=\"elementor-widget-container\">\n\t\t\t<h2 class=\"elementor-heading-title elementor-size-default\">News<\/h2>\t\t<\/div>\n\t\t\t\t<\/div>\n\t\t\t\t<div class=\"elementor-element elementor-element-25eda76 wpr-insta-feed-layout-grid elementor-widget elementor-widget-wpr-instagram-feed\" data-id=\"25eda76\" data-element_type=\"widget\" data-settings=\"{&quot;insta_layout_select&quot;:&quot;layout-grid&quot;,&quot;columns&quot;:&quot;3&quot;}\" data-widget_type=\"wpr-instagram-feed.default\">\n\t\t\t\t<div class=\"elementor-widget-container\">\n\t\t\t\t\t\t\t\n\t\t\n\t\t<div class=\"wpr-instagram-feed-cont\">\n\t\t\t\n\t\t\t<div class=\"wpr-instagram-feed wpr-layout-grid\" data-settings=\"{&quot;insta_layout_select&quot;:&quot;layout-grid&quot;,&quot;columns&quot;:&quot;3&quot;,&quot;columns_mobile&quot;:&quot;&quot;,&quot;columns_mobile_extra&quot;:&quot;&quot;,&quot;columns_tablet&quot;:&quot;&quot;,&quot;columns_tablet_extra&quot;:&quot;3&quot;,&quot;columns_laptop&quot;:&quot;3&quot;,&quot;columns_widescreen&quot;:&quot;3&quot;,&quot;gutter_hr&quot;:10,&quot;gutter_vr&quot;:10,&quot;lightbox&quot;:{&quot;selector&quot;:&quot;.wpr-insta-feed-image-wrap&quot;,&quot;iframeMaxWidth&quot;:&quot;60%&quot;,&quot;hash&quot;:false,&quot;autoplay&quot;:&quot;true&quot;,&quot;pause&quot;:5000,&quot;progressBar&quot;:&quot;true&quot;,&quot;counter&quot;:&quot;true&quot;,&quot;controls&quot;:&quot;true&quot;,&quot;getCaptionFromTitleOrAlt&quot;:&quot;true&quot;,&quot;thumbnail&quot;:&quot;true&quot;,&quot;showThumbByDefault&quot;:&quot;true&quot;,&quot;share&quot;:&quot;true&quot;,&quot;zoom&quot;:&quot;true&quot;,&quot;fullScreen&quot;:&quot;true&quot;,&quot;download&quot;:&quot;&quot;},&quot;insta_load_more_settings&quot;:{&quot;instagram_access_token&quot;:&quot;IGQWROaUFHcXJYdGQteEhWbXowdVhsT2pRZAi1iVk9OUlQyMHBQUWJHbmRWSTRuRWlkTm9FMGxJa3J0WnFSSG01SHk0eTY4UmdQUjh6a3BTTnBhRmVha0RSLW10RzVUbUQ5QWxsSW83SVMyZAHdaUTl0U0l5ZAjdJU28ZD&quot;,&quot;limit&quot;:3,&quot;limit_mobile&quot;:2,&quot;is_mobile&quot;:&quot;other&quot;,&quot;open_in_new_tab&quot;:&quot;yes&quot;,&quot;overlay_post_link&quot;:&quot;yes&quot;,&quot;image_effects&quot;:&quot;zoom-in&quot;,&quot;image_effects_size&quot;:&quot;small&quot;,&quot;image_effects_duration&quot;:0.5,&quot;overlay_animation&quot;:&quot;none&quot;,&quot;overlay_animation_size&quot;:&quot;none&quot;,&quot;overlay_animation_timing&quot;:&quot;none&quot;,&quot;overlay_animation_tr&quot;:&quot;none&quot;,&quot;insta_feed_elements&quot;:[{&quot;element_select&quot;:&quot;date&quot;,&quot;element_display&quot;:&quot;inline&quot;,&quot;_id&quot;:&quot;2214296&quot;,&quot;element_read_more_text&quot;:null,&quot;element_comments_text_2&quot;:null,&quot;element_comments_text_3&quot;:null,&quot;element_hide_year&quot;:&quot;&quot;,&quot;element_location&quot;:&quot;below&quot;,&quot;element_custom_width&quot;:null,&quot;element_align_vr&quot;:null,&quot;element_align_hr&quot;:&quot;left&quot;,&quot;element_username_tag&quot;:null,&quot;element_trim_text_by&quot;:null,&quot;element_word_count&quot;:null,&quot;element_letter_count&quot;:null,&quot;element_sharing_icon_1&quot;:null,&quot;element_sharing_icon_2&quot;:null,&quot;element_sharing_icon_3&quot;:null,&quot;element_sharing_icon_4&quot;:null,&quot;element_sharing_icon_5&quot;:null,&quot;element_sharing_icon_6&quot;:null,&quot;element_sharing_trigger&quot;:null,&quot;element_sharing_trigger_icon&quot;:null,&quot;element_sharing_trigger_action&quot;:null,&quot;element_sharing_trigger_direction&quot;:null,&quot;element_sharing_tooltip&quot;:null,&quot;element_lightbox_overlay&quot;:null,&quot;element_extra_text_pos&quot;:&quot;none&quot;,&quot;element_extra_text&quot;:null,&quot;element_extra_icon_pos&quot;:&quot;none&quot;,&quot;element_extra_icon&quot;:null,&quot;element_animation&quot;:null,&quot;element_animation_duration&quot;:null,&quot;element_animation_delay&quot;:null,&quot;element_animation_timing&quot;:null,&quot;element_animation_size&quot;:null,&quot;element_animation_tr&quot;:null,&quot;element_show_on&quot;:&quot;yes&quot;},{&quot;_id&quot;:&quot;ee398cf&quot;,&quot;element_word_count&quot;:100,&quot;element_read_more_text&quot;:null,&quot;element_comments_text_2&quot;:null,&quot;element_comments_text_3&quot;:null,&quot;element_select&quot;:&quot;caption&quot;,&quot;element_hide_year&quot;:null,&quot;element_location&quot;:&quot;below&quot;,&quot;element_display&quot;:&quot;block&quot;,&quot;element_custom_width&quot;:null,&quot;element_align_vr&quot;:null,&quot;element_align_hr&quot;:&quot;left&quot;,&quot;element_username_tag&quot;:null,&quot;element_trim_text_by&quot;:&quot;word_count&quot;,&quot;element_letter_count&quot;:null,&quot;element_sharing_icon_1&quot;:null,&quot;element_sharing_icon_2&quot;:null,&quot;element_sharing_icon_3&quot;:null,&quot;element_sharing_icon_4&quot;:null,&quot;element_sharing_icon_5&quot;:null,&quot;element_sharing_icon_6&quot;:null,&quot;element_sharing_trigger&quot;:null,&quot;element_sharing_trigger_icon&quot;:null,&quot;element_sharing_trigger_action&quot;:null,&quot;element_sharing_trigger_direction&quot;:null,&quot;element_sharing_tooltip&quot;:null,&quot;element_lightbox_overlay&quot;:null,&quot;element_extra_text_pos&quot;:null,&quot;element_extra_text&quot;:null,&quot;element_extra_icon_pos&quot;:null,&quot;element_extra_icon&quot;:null,&quot;element_animation&quot;:null,&quot;element_animation_duration&quot;:null,&quot;element_animation_delay&quot;:null,&quot;element_animation_timing&quot;:null,&quot;element_animation_size&quot;:null,&quot;element_animation_tr&quot;:null,&quot;element_show_on&quot;:&quot;yes&quot;}]}}\">\n\n\t\t\t\t<br \/>\n<b>Warning<\/b>:  Undefined property: stdClass::$data in <b>\/var\/www\/vhosts\/h59894.host236.alfahosting-server.de\/html\/service\/wp-content\/plugins\/royal-elementor-addons\/modules\/instagram-feed\/widgets\/wpr-instagram-feed.php<\/b> on line <b>4902<\/b><br \/>\n<br \/>\n<b>Warning<\/b>:  foreach() argument must be of type array|object, null given in <b>\/var\/www\/vhosts\/h59894.host236.alfahosting-server.de\/html\/service\/wp-content\/plugins\/royal-elementor-addons\/modules\/instagram-feed\/widgets\/wpr-instagram-feed.php<\/b> on line <b>5572<\/b><br \/>\n\t\t\t\t\n\t\t\t<\/div>\n\t\t\t\n\t\t<\/div>\n\n\t\t\t\t<\/div>\n\t\t\t\t<\/div>\n\t\t\t\t<\/div>\n\t\t\t\t\t\t\t<\/div>","protected":false},"excerpt":{"rendered":"<p>Service und Produktion Mit einem Fokus auf Qualit\u00e4t und individueller Betreuung bietet die neuzeit Filmagentur umfassende Production Services f\u00fcr K\u00fcnstler:innen, Regisseur:innen, Werbeagenturen und Filmproduktionen. Wir bieten ma\u00dfgeschneiderte L\u00f6sungen, effizient und zuverl\u00e4ssig. Wir setzen unser Know-how ein, um Ihre Projekte mit gr\u00f6\u00dfter Sorgfalt zu unterst\u00fctzen. Wir konzentrieren uns darauf, Ihre individuellen Anforderungen zu verstehen und effektiv [&hellip;]<\/p>","protected":false},"author":1,"featured_media":0,"parent":0,"menu_order":0,"comment_status":"closed","ping_status":"closed","template":"elementor_header_footer","meta":{"footnotes":""},"class_list":["post-66","page","type-page","status-publish","hentry"],"_links":{"self":[{"href":"https:\/\/service.neuzeit.tv\/en\/wp-json\/wp\/v2\/pages\/66","targetHints":{"allow":["GET"]}}],"collection":[{"href":"https:\/\/service.neuzeit.tv\/en\/wp-json\/wp\/v2\/pages"}],"about":[{"href":"https:\/\/service.neuzeit.tv\/en\/wp-json\/wp\/v2\/types\/page"}],"author":[{"embeddable":true,"href":"https:\/\/service.neuzeit.tv\/en\/wp-json\/wp\/v2\/users\/1"}],"replies":[{"embeddable":true,"href":"https:\/\/service.neuzeit.tv\/en\/wp-json\/wp\/v2\/comments?post=66"}],"version-history":[{"count":86,"href":"https:\/\/service.neuzeit.tv\/en\/wp-json\/wp\/v2\/pages\/66\/revisions"}],"predecessor-version":[{"id":1289,"href":"https:\/\/service.neuzeit.tv\/en\/wp-json\/wp\/v2\/pages\/66\/revisions\/1289"}],"wp:attachment":[{"href":"https:\/\/service.neuzeit.tv\/en\/wp-json\/wp\/v2\/media?parent=66"}],"curies":[{"name":"wp","href":"https:\/\/api.w.org\/{rel}","templated":true}]}}